{"id":23,"date":"2022-09-18T09:21:58","date_gmt":"2022-09-18T06:21:58","guid":{"rendered":"http:\/\/www.climatechangeinme.fi\/?page_id=23"},"modified":"2022-12-07T21:20:46","modified_gmt":"2022-12-07T19:20:46","slug":"tietoja-projektista","status":"publish","type":"page","link":"https:\/\/www.climatechangeinme.fi\/?page_id=23","title":{"rendered":"Info"},"content":{"rendered":"\n<div class=\"wp-block-cover is-light\"><span aria-hidden=\"true\" class=\"wp-block-cover__background has-white-background-color has-background-dim-20 has-background-dim\"><\/span><img loading=\"lazy\" decoding=\"async\" width=\"1854\" height=\"1826\" class=\"wp-block-cover__image-background wp-image-731\" alt=\"\" src=\"http:\/\/www.climatechangeinme.fi\/wp-content\/uploads\/2022\/11\/1.-obalka_frontpage_2.png\" style=\"object-position:100% 83%\" data-object-fit=\"cover\" data-object-position=\"100% 83%\" srcset=\"https:\/\/www.climatechangeinme.fi\/wp-content\/uploads\/2022\/11\/1.-obalka_frontpage_2.png 1854w, https:\/\/www.climatechangeinme.fi\/wp-content\/uploads\/2022\/11\/1.-obalka_frontpage_2-300x295.png 300w, https:\/\/www.climatechangeinme.fi\/wp-content\/uploads\/2022\/11\/1.-obalka_frontpage_2-1024x1009.png 1024w, https:\/\/www.climatechangeinme.fi\/wp-content\/uploads\/2022\/11\/1.-obalka_frontpage_2-768x756.png 768w, https:\/\/www.climatechangeinme.fi\/wp-content\/uploads\/2022\/11\/1.-obalka_frontpage_2-1536x1513.png 1536w, https:\/\/www.climatechangeinme.fi\/wp-content\/uploads\/2022\/11\/1.-obalka_frontpage_2-1568x1544.png 1568w\" sizes=\"auto, (max-width: 1854px) 100vw, 1854px\" \/><div class=\"wp-block-cover__inner-container is-layout-flow wp-block-cover-is-layout-flow\">\n<h2 class=\"has-text-align-center has-black-color has-text-color wp-block-heading\">Ilmastonmuutos minussa<\/h2>\n\n\n\n<p class=\"has-text-align-center has-black-color has-text-color has-large-font-size\">Luovan kirjoittamisen opetusmateriaali ymp\u00e4rist\u00f6kysymysten k\u00e4sittelyyn nuorten kanssa<\/p>\n\n\n\n<p class=\"has-text-align-center has-black-color has-text-color has-large-font-size\"><strong>Henna Laininen<\/strong><br>Sanataideyhdistys Y\u00f6st\u00e4j\u00e4 2022<\/p>\n<\/div><\/div>\n\n\n\n<p><em>Ilmastonmuutos minussa<\/em> -opetusmateriaali on osa Henna Lainisen tohtorin opinn\u00e4ytety\u00f6t\u00e4 Taideyliopiston Kuvataideakatemiaan. Opetusmateriaalin synty\u00e4 ovat tukeneet Tiina ja Antti Herlinin s\u00e4\u00e4ti\u00f6, Suomen Kulttuurirahasto ja Keski-Suomen ELY-keskus.<\/p>\n\n\n\n<p>Opetusmateriaalia on kehitetty toteuttamalla <em>Opettajana ymp\u00e4rist\u00f6kriisin keskell\u00e4 \u2013 taide muutosvoimana ja voimavarana<\/em> -koulutusp\u00e4iv\u00e4t kasvattajille kev\u00e4\u00e4ll\u00e4 2022 Keski-Suomen ELY-keskuksen rahoituksella. Koulutusp\u00e4iv\u00e4t tuotti Sanataideyhdistys Y\u00f6st\u00e4j\u00e4 ry. yhteisty\u00f6ss\u00e4 Tampereen kaupungin kulttuurikasvatusohjelma Taidekaaren sek\u00e4 Villa Elfvikin luontotalon kanssa. Kouluttajina toimivat Henna Laininen, Anna Lehtonen, Maarit Myllynen, Heli M\u00e4kinen, Nella Turkki ja Henrika Ylirisku.<\/p>\n\n\n\n<p>Kiitokset k\u00e4sikirjoituksen kommentoinnista ja kirjavinkeist\u00e4: Lea Kantonen, Pia Krutsin, Panu Pihkala, Antti Salminen, Maria Siironen, Pinja Sipari, Mia Lempinen, Minttu Tervaharju, Taideyliopiston Kuvataideakatemian tohtorikoulutusohjelman opinn\u00e4ytepiirin opiskelijat 2022, Lastenkirjainstituutti.<\/p>\n\n\n\n<p>Kiitokset kehitysehdotuksista opetusmateriaalin sis\u00e4lt\u00f6\u00f6n: <em>Opettajana ymp\u00e4rist\u00f6kriisin keskell\u00e4<\/em> -koulutusp\u00e4iville osallistuneet kasvattajat (kyselylomakeaineisto)<\/p>\n\n\n\n<p>Kiitokset kirjoitusrauhasta: Kuvan Residenssiyhdistys ry:n Ut\u00f6n residenssi<\/p>\n\n\n\n<p>Hiilijalanj\u00e4lkemme pienent\u00e4miseksi t\u00e4m\u00e4 verkkosivusto toimii tuulivoimalla.<\/p>\n\n\n\n<div class=\"wp-block-cover is-light\"><span aria-hidden=\"true\" class=\"wp-block-cover__background has-white-background-color has-background-dim-20 has-background-dim\"><\/span><img loading=\"lazy\" decoding=\"async\" width=\"1810\" height=\"2560\" class=\"wp-block-cover__image-background wp-image-656\" alt=\"\" src=\"http:\/\/www.climatechangeinme.fi\/wp-content\/uploads\/2022\/11\/44.credits_tekijat_2-scaled.jpg\" style=\"object-position:1% 67%\" data-object-fit=\"cover\" data-object-position=\"1% 67%\" srcset=\"https:\/\/www.climatechangeinme.fi\/wp-content\/uploads\/2022\/11\/44.credits_tekijat_2-scaled.jpg 1810w, https:\/\/www.climatechangeinme.fi\/wp-content\/uploads\/2022\/11\/44.credits_tekijat_2-212x300.jpg 212w, https:\/\/www.climatechangeinme.fi\/wp-content\/uploads\/2022\/11\/44.credits_tekijat_2-724x1024.jpg 724w, https:\/\/www.climatechangeinme.fi\/wp-content\/uploads\/2022\/11\/44.credits_tekijat_2-768x1086.jpg 768w, https:\/\/www.climatechangeinme.fi\/wp-content\/uploads\/2022\/11\/44.credits_tekijat_2-1086x1536.jpg 1086w, https:\/\/www.climatechangeinme.fi\/wp-content\/uploads\/2022\/11\/44.credits_tekijat_2-1448x2048.jpg 1448w, https:\/\/www.climatechangeinme.fi\/wp-content\/uploads\/2022\/11\/44.credits_tekijat_2-1568x2218.jpg 1568w\" sizes=\"auto, (max-width: 1810px) 100vw, 1810px\" \/><div class=\"wp-block-cover__inner-container is-layout-flow wp-block-cover-is-layout-flow\">\n<h3 class=\"has-text-align-center has-black-color has-text-color wp-block-heading\">Tekij\u00e4t<\/h3>\n\n\n\n<p class=\"has-text-align-center has-black-color has-text-color has-large-font-size\"><strong><em>Kirjoittaja<\/em>:<\/strong> Henna Laininen, KuM, FM,<br>taiteilija-tutkija, luovan kirjoittamisen opettaja<br><strong><em>Julkaisija<\/em>:<\/strong> Sanataideyhdistys Y\u00f6st\u00e4j\u00e4 ry.<br><strong><em>Taitto ja kuvitus<\/em>:<\/strong> Michaela Caskov\u00e1<br><em><strong>Verkkoversion toteutus:<\/strong><\/em> Lenka Trant\u00edrkov\u00e1<\/p>\n<\/div><\/div>\n","protected":false},"excerpt":{"rendered":"<p>Ilmastonmuutos minussa -opetusmateriaali on osa Henna Lainisen tohtorin opinn\u00e4ytety\u00f6t\u00e4 Taideyliopiston Kuvataideakatemiaan. Opetusmateriaalin synty\u00e4 ovat tukeneet Tiina ja Antti Herlinin s\u00e4\u00e4ti\u00f6, Suomen Kulttuurirahasto ja Keski-Suomen ELY-keskus. Opetusmateriaalia on kehitetty toteuttamalla Opettajana ymp\u00e4rist\u00f6kriisin keskell\u00e4 \u2013 taide muutosvoimana ja voimavarana -koulutusp\u00e4iv\u00e4t kasvattajille kev\u00e4\u00e4ll\u00e4 2022 Keski-Suomen ELY-keskuksen rahoituksella. Koulutusp\u00e4iv\u00e4t tuotti Sanataideyhdistys Y\u00f6st\u00e4j\u00e4 ry. yhteisty\u00f6ss\u00e4 Tampereen kaupungin kulttuurikasvatusohjelma Taidekaaren sek\u00e4&hellip; <a class=\"more-link\" href=\"https:\/\/www.climatechangeinme.fi\/?page_id=23\">Jatka lukemista <span class=\"screen-reader-text\">Info<\/span><\/a><\/p>\n","protected":false},"author":2,"featured_media":0,"parent":0,"menu_order":0,"comment_status":"closed","ping_status":"closed","template":"","meta":{"footnotes":""},"class_list":["post-23","page","type-page","status-publish","hentry","entry"],"_links":{"self":[{"href":"https:\/\/www.climatechangeinme.fi\/index.php?rest_route=\/wp\/v2\/pages\/23","targetHints":{"allow":["GET"]}}],"collection":[{"href":"https:\/\/www.climatechangeinme.fi\/index.php?rest_route=\/wp\/v2\/pages"}],"about":[{"href":"https:\/\/www.climatechangeinme.fi\/index.php?rest_route=\/wp\/v2\/types\/page"}],"author":[{"embeddable":true,"href":"https:\/\/www.climatechangeinme.fi\/index.php?rest_route=\/wp\/v2\/users\/2"}],"replies":[{"embeddable":true,"href":"https:\/\/www.climatechangeinme.fi\/index.php?rest_route=%2Fwp%2Fv2%2Fcomments&post=23"}],"version-history":[{"count":25,"href":"https:\/\/www.climatechangeinme.fi\/index.php?rest_route=\/wp\/v2\/pages\/23\/revisions"}],"predecessor-version":[{"id":1048,"href":"https:\/\/www.climatechangeinme.fi\/index.php?rest_route=\/wp\/v2\/pages\/23\/revisions\/1048"}],"wp:attachment":[{"href":"https:\/\/www.climatechangeinme.fi\/index.php?rest_route=%2Fwp%2Fv2%2Fmedia&parent=23"}],"curies":[{"name":"wp","href":"https:\/\/api.w.org\/{rel}","templated":true}]}}