{"id":864,"date":"2022-12-02T20:39:13","date_gmt":"2022-12-02T18:39:13","guid":{"rendered":"http:\/\/www.climatechangeinme.fi\/?page_id=864"},"modified":"2022-12-07T21:23:36","modified_gmt":"2022-12-07T19:23:36","slug":"tervetuola","status":"publish","type":"page","link":"https:\/\/www.climatechangeinme.fi\/","title":{"rendered":"Tervetuloa <em>Ilmastonmuutos minussa<\/em> -opetusmateriaalin pariin!"},"content":{"rendered":"\n<h3 class=\"has-text-align-center wp-block-heading\"><strong>Tervetuloa<\/strong><em><strong> Ilmastonmuutos minussa<\/strong><\/em><strong> -opetusmateriaalin pariin!<\/strong><\/h3>\n\n\n\n<p><em>Ilmastonmuutos minussa<\/em> -opetusmateriaali tarjoaa luovan kirjoittamisen harjoituksia ymp\u00e4rist\u00f6tunteiden, kest\u00e4v\u00e4n tulevaisuuden ja ymp\u00e4rist\u00f6vaikuttamisen k\u00e4sittelyyn nuorten kanssa. Opetusmateriaali sopii yl\u00e4kouluissa ja toisella asteella ty\u00f6skenteleville eri oppiaineiden opettajille, sanataiteen ja luovan kirjoittamisen opettajille sek\u00e4 ymp\u00e4rist\u00f6kasvattajille, ja se tarjoaa v\u00e4lineit\u00e4 my\u00f6s muiden kasvattajien ty\u00f6h\u00f6n. Opetusmateriaali on k\u00e4yt\u00f6ss\u00e4si opetustarkoituksiin ilmaiseksi, ja siit\u00e4 on k\u00e4\u00e4nnetty tiiviimpi englanninkielinen versio monikielisi\u00e4 ryhmi\u00e4 varten. Tervetuloa tutustumaan! Voit my\u00f6s ladata pdf-version <a rel=\"noreferrer noopener\" href=\"http:\/\/www.climatechangeinme.fi\/wp-content\/uploads\/2022\/11\/ClimateChange_SUOMEKSI_layout7.pdf\" target=\"_blank\">t\u00e4\u00e4lt\u00e4<\/a>.<\/p>\n\n\n\n<p><\/p>\n","protected":false},"excerpt":{"rendered":"<p>Tervetuloa Ilmastonmuutos minussa -opetusmateriaalin pariin! Ilmastonmuutos minussa -opetusmateriaali tarjoaa luovan kirjoittamisen harjoituksia ymp\u00e4rist\u00f6tunteiden, kest\u00e4v\u00e4n tulevaisuuden ja ymp\u00e4rist\u00f6vaikuttamisen k\u00e4sittelyyn nuorten kanssa. Opetusmateriaali sopii yl\u00e4kouluissa ja toisella asteella ty\u00f6skenteleville eri oppiaineiden opettajille, sanataiteen ja luovan kirjoittamisen opettajille sek\u00e4 ymp\u00e4rist\u00f6kasvattajille, ja se tarjoaa v\u00e4lineit\u00e4 my\u00f6s muiden kasvattajien ty\u00f6h\u00f6n. Opetusmateriaali on k\u00e4yt\u00f6ss\u00e4si opetustarkoituksiin ilmaiseksi, ja siit\u00e4 on k\u00e4\u00e4nnetty tiiviimpi&hellip; <a class=\"more-link\" href=\"https:\/\/www.climatechangeinme.fi\/\">Jatka lukemista <span class=\"screen-reader-text\">Tervetuloa <em>Ilmastonmuutos minussa<\/em> -opetusmateriaalin pariin!<\/span><\/a><\/p>\n","protected":false},"author":2,"featured_media":0,"parent":0,"menu_order":0,"comment_status":"closed","ping_status":"closed","template":"","meta":{"footnotes":""},"class_list":["post-864","page","type-page","status-publish","hentry","entry"],"_links":{"self":[{"href":"https:\/\/www.climatechangeinme.fi\/index.php?rest_route=\/wp\/v2\/pages\/864","targetHints":{"allow":["GET"]}}],"collection":[{"href":"https:\/\/www.climatechangeinme.fi\/index.php?rest_route=\/wp\/v2\/pages"}],"about":[{"href":"https:\/\/www.climatechangeinme.fi\/index.php?rest_route=\/wp\/v2\/types\/page"}],"author":[{"embeddable":true,"href":"https:\/\/www.climatechangeinme.fi\/index.php?rest_route=\/wp\/v2\/users\/2"}],"replies":[{"embeddable":true,"href":"https:\/\/www.climatechangeinme.fi\/index.php?rest_route=%2Fwp%2Fv2%2Fcomments&post=864"}],"version-history":[{"count":4,"href":"https:\/\/www.climatechangeinme.fi\/index.php?rest_route=\/wp\/v2\/pages\/864\/revisions"}],"predecessor-version":[{"id":869,"href":"https:\/\/www.climatechangeinme.fi\/index.php?rest_route=\/wp\/v2\/pages\/864\/revisions\/869"}],"wp:attachment":[{"href":"https:\/\/www.climatechangeinme.fi\/index.php?rest_route=%2Fwp%2Fv2%2Fmedia&parent=864"}],"curies":[{"name":"wp","href":"https:\/\/api.w.org\/{rel}","templated":true}]}}